{"id":9,"date":"2025-02-11T14:35:43","date_gmt":"2025-02-11T14:35:43","guid":{"rendered":"http:\/\/www.yakupgunduz.com.tr\/?page_id=9"},"modified":"2025-02-12T23:41:56","modified_gmt":"2025-02-12T23:41:56","slug":"hakkimizda","status":"publish","type":"page","link":"http:\/\/www.yakupgunduz.com.tr\/?page_id=9","title":{"rendered":"Ba\u015far\u0131lar\u0131m\u0131z"},"content":{"rendered":"\n<div class=\"wp-block-columns is-layout-flex wp-container-core-columns-is-layout-1 wp-block-columns-is-layout-flex\">\n<div class=\"wp-block-column is-layout-flow wp-block-column-is-layout-flow\">\n<figure class=\"wp-block-image size-large\"><img loading=\"lazy\" decoding=\"async\" width=\"1024\" height=\"683\" src=\"http:\/\/www.yakupgunduz.com.tr\/wp-content\/uploads\/2025\/02\/IMG_7806-1024x683.jpg\" alt=\"\" class=\"wp-image-11\" srcset=\"http:\/\/www.yakupgunduz.com.tr\/wp-content\/uploads\/2025\/02\/IMG_7806-1024x683.jpg 1024w, http:\/\/www.yakupgunduz.com.tr\/wp-content\/uploads\/2025\/02\/IMG_7806-300x200.jpg 300w, http:\/\/www.yakupgunduz.com.tr\/wp-content\/uploads\/2025\/02\/IMG_7806-768x512.jpg 768w, http:\/\/www.yakupgunduz.com.tr\/wp-content\/uploads\/2025\/02\/IMG_7806-1536x1024.jpg 1536w, http:\/\/www.yakupgunduz.com.tr\/wp-content\/uploads\/2025\/02\/IMG_7806.jpg 1920w\" sizes=\"auto, (max-width: 1024px) 100vw, 1024px\" \/><\/figure>\n<\/div>\n\n\n\n<div class=\"wp-block-column is-layout-flow wp-block-column-is-layout-flow\">\n<figure class=\"wp-block-image size-full\"><img loading=\"lazy\" decoding=\"async\" width=\"923\" height=\"923\" src=\"http:\/\/www.yakupgunduz.com.tr\/wp-content\/uploads\/2025\/02\/IMG_20211103_174241_214.jpg\" alt=\"\" class=\"wp-image-68\" srcset=\"http:\/\/www.yakupgunduz.com.tr\/wp-content\/uploads\/2025\/02\/IMG_20211103_174241_214.jpg 923w, http:\/\/www.yakupgunduz.com.tr\/wp-content\/uploads\/2025\/02\/IMG_20211103_174241_214-300x300.jpg 300w, http:\/\/www.yakupgunduz.com.tr\/wp-content\/uploads\/2025\/02\/IMG_20211103_174241_214-150x150.jpg 150w, http:\/\/www.yakupgunduz.com.tr\/wp-content\/uploads\/2025\/02\/IMG_20211103_174241_214-768x768.jpg 768w\" sizes=\"auto, (max-width: 923px) 100vw, 923px\" \/><\/figure>\n<\/div>\n\n\n\n<div class=\"wp-block-column is-layout-flow wp-block-column-is-layout-flow\">\n<figure class=\"wp-block-image size-large is-resized\"><img loading=\"lazy\" decoding=\"async\" width=\"1024\" height=\"767\" src=\"http:\/\/www.yakupgunduz.com.tr\/wp-content\/uploads\/2025\/02\/108777811_1540763369430309_6089221503135832783_n-1024x767.jpg\" alt=\"\" class=\"wp-image-58\" style=\"width:200px;height:auto\" srcset=\"http:\/\/www.yakupgunduz.com.tr\/wp-content\/uploads\/2025\/02\/108777811_1540763369430309_6089221503135832783_n-1024x767.jpg 1024w, http:\/\/www.yakupgunduz.com.tr\/wp-content\/uploads\/2025\/02\/108777811_1540763369430309_6089221503135832783_n-300x225.jpg 300w, http:\/\/www.yakupgunduz.com.tr\/wp-content\/uploads\/2025\/02\/108777811_1540763369430309_6089221503135832783_n-768x575.jpg 768w, http:\/\/www.yakupgunduz.com.tr\/wp-content\/uploads\/2025\/02\/108777811_1540763369430309_6089221503135832783_n-1536x1150.jpg 1536w, http:\/\/www.yakupgunduz.com.tr\/wp-content\/uploads\/2025\/02\/108777811_1540763369430309_6089221503135832783_n.jpg 1600w\" sizes=\"auto, (max-width: 1024px) 100vw, 1024px\" \/><\/figure>\n<\/div>\n<\/div>\n\n\n\n<p><strong><em>Ba\u015far\u0131lar<\/em><\/strong><\/p>\n\n\n\n<ul class=\"wp-block-list\">\n<li><strong><em>2025<\/em><\/strong>\n<ul class=\"wp-block-list\">\n<li>SARDOG Test Event RH-T-A Birincilik (Leonardo)<\/li>\n<\/ul>\n<\/li>\n<\/ul>\n\n\n\n<ul class=\"wp-block-list\">\n<li><strong><em>2024<\/em><\/strong>\n<ul class=\"wp-block-list\">\n<li>Uluslararas\u0131 Arama Kurtarma K\u00f6pekleri \u015eampiyonas\u0131 CAC\u0130T \u00c7A\u00c7A RH\/ T-A<\/li>\n\n\n\n<li>Uluslararas\u0131 Arama Kurtarma K\u00f6pekleri \u015eampiyonas\u0131 CAC\u0130T Leonardo RH\/ T-A<\/li>\n\n\n\n<li>Uluslararas\u0131 FCI IPO RH- T \u2013V Enkaz Ba\u015far\u0131 Sertifikas\u0131 (Leonardo)<\/li>\n\n\n\n<li>KIF 1 Seviye Koku Takibi Ba\u015far\u0131 Sertifikas\u0131 K\u00d6PED Finn<\/li>\n<\/ul>\n<\/li>\n\n\n\n<li><strong><em>2023<\/em><\/strong>\n<ul class=\"wp-block-list\">\n<li>AFAD E\u011fitim Yeterlilik Leonardo<\/li>\n\n\n\n<li>FCI \/ IRO Do\u011fa Arama S\u0131navlar\u0131 Semineri<\/li>\n\n\n\n<li>KIF SKS Ba\u015far\u0131 Sertifikas\u0131 \u00c7a\u00e7a<\/li>\n\n\n\n<li>Arama Kurtarma K\u00f6pekleri Semineri<\/li>\n\n\n\n<li>FCI Test Event KIF K\u00d6PED \u00c7a\u00e7a<\/li>\n\n\n\n<li>AFAD E\u011fitim Yeterlilik Leonardo<\/li>\n\n\n\n<li>AFAD E\u011fitim Yeterlilik \u00c7a\u00e7a<\/li>\n\n\n\n<li>KIF Bobyland Canicross 1.ncil Kupas\u0131 \u00c7a\u00e7a<\/li>\n\n\n\n<li>FCI Test Event KIF K\u00d6PED Leonardo<\/li>\n\n\n\n<li>IRO \u0130stanbul Test Event FL\/A Leonardo<\/li>\n<\/ul>\n<\/li>\n\n\n\n<li><strong><em>2022<\/em><\/strong>\n<ul class=\"wp-block-list\">\n<li>AFAD E\u011fitim Yeterlilik Ba\u015far\u0131 Sertifikas\u0131 Leonardo<\/li>\n\n\n\n<li>2022 SKS TMC \u0130stanbul<\/li>\n\n\n\n<li>\u0130RO Arama K\u00f6pekleri S\u0131nav\u0131 Ba\u015far\u0131 Sertifikas\u0131 FL-A \u0130zmir \u00c7a\u00e7a<\/li>\n\n\n\n<li>KIF BH TMC Ba\u015far\u0131 Sertifikas\u0131 \u0130stanbul<\/li>\n\n\n\n<li>\u0130RO FL &#8211; V \u0130zmir \u00c7a\u00e7a<\/li>\n<\/ul>\n<\/li>\n<\/ul>\n\n\n\n<ul class=\"wp-block-list\">\n<li><strong><em>2021<\/em><\/strong>\n<ul class=\"wp-block-list\">\n<li>International Rescue Dog Organisation (IRO)- RH\/FL\/V Belgesi<\/li>\n<\/ul>\n<\/li>\n<\/ul>\n\n\n\n<p><\/p>\n\n\n\n<div class=\"wp-block-columns is-layout-flex wp-container-core-columns-is-layout-2 wp-block-columns-is-layout-flex\">\n<div class=\"wp-block-column is-layout-flow wp-block-column-is-layout-flow\">\n<figure class=\"wp-block-image aligncenter size-large is-resized\"><img loading=\"lazy\" decoding=\"async\" width=\"768\" height=\"1024\" src=\"http:\/\/www.yakupgunduz.com.tr\/wp-content\/uploads\/2025\/02\/IMG_2950-768x1024.jpg\" alt=\"\" class=\"wp-image-131\" style=\"object-fit:cover;width:348px;height:450px\" srcset=\"http:\/\/www.yakupgunduz.com.tr\/wp-content\/uploads\/2025\/02\/IMG_2950-768x1024.jpg 768w, http:\/\/www.yakupgunduz.com.tr\/wp-content\/uploads\/2025\/02\/IMG_2950-225x300.jpg 225w, http:\/\/www.yakupgunduz.com.tr\/wp-content\/uploads\/2025\/02\/IMG_2950-1152x1536.jpg 1152w, http:\/\/www.yakupgunduz.com.tr\/wp-content\/uploads\/2025\/02\/IMG_2950-1536x2048.jpg 1536w, http:\/\/www.yakupgunduz.com.tr\/wp-content\/uploads\/2025\/02\/IMG_2950-scaled.jpg 1920w\" sizes=\"auto, (max-width: 768px) 100vw, 768px\" \/><\/figure>\n<\/div>\n<\/div>\n\n\n\n<p><strong><em>Te\u015fekk\u00fcr &amp; Takdir Belgeleri<\/em><\/strong><\/p>\n\n\n\n<ul class=\"wp-block-list\">\n<li>Bezmialem Vak\u0131f \u00dcniversitesi-Te\u015fekk\u00fcr Belgesi<\/li>\n\n\n\n<li>AKUT Te\u015fekk\u00fcr Belgesi<\/li>\n\n\n\n<li>\u0130\u00e7i\u015fleri Bakanl\u0131\u011f\u0131 \u2013Te\u015fekk\u00fcr Belgesi<\/li>\n\n\n\n<li>Atat\u00fcrk \u00dcniversitesi-Onur Belgesi<\/li>\n\n\n\n<li>Uluslararas\u0131 K\u00f6pek Irklar\u0131 Federasyonu Takdir Belgesi<\/li>\n\n\n\n<li>Anadolu \u00dcniversitesi-Onur Belgesi<\/li>\n\n\n\n<li>TSK(T\u00fcrk Silahl\u0131 Kuvvetleri) &#8211; Takdir belgesi<\/li>\n\n\n\n<li>AFAD \u2013 KBRN-P Fark\u0131ndal\u0131k Sempozyumu<\/li>\n\n\n\n<li>\u0130stanbul \u0130l Sa\u011fl\u0131k M\u00fcd\u00fcrl\u00fc\u011f\u00fc Te\u015fekk\u00fcr Belgesi<\/li>\n\n\n\n<li>\u0130stanbul Yeni Y\u00fczy\u0131l \u00dcniversitesi-Gaziosmanpa\u015fa Hastanesi Te\u015fekk\u00fcr Belgesi<\/li>\n\n\n\n<li>\u0130stanbul T\u0131p Fak\u00fcltesi Te\u015fekk\u00fcr Belgesi<\/li>\n\n\n\n<li>\u0130stanbul \u0130l Sa\u011fl\u0131k M\u00fcd\u00fcrl\u00fc\u011f\u00fc Takdir Belgesi<\/li>\n\n\n\n<li>\u0130stanbul \u0130l Sa\u011fl\u0131k M\u00fcd\u00fcrl\u00fc\u011f\u00fc Te\u015fekk\u00fcr Belgesi<\/li>\n\n\n\n<li>Emsey Hospital Te\u015fekk\u00fcr Belgesi<\/li>\n\n\n\n<li>T\u00fcrkiye Atletizm Federasyonu Takdir Belgesi<\/li>\n\n\n\n<li>\u0130stanbul Fizik Tedavi Rehabilitasyon E\u011fitim Ara\u015ft\u0131rma Hastanesi Te\u015fekk\u00fcr Belgesi<\/li>\n\n\n\n<li>\u0130stanbul T\u0131p Fak\u00fcltesi Te\u015fekk\u00fcr Belgesi<\/li>\n\n\n\n<li>\u0130stanbul \u0130l Sa\u011fl\u0131k M\u00fcd\u00fcrl\u00fc\u011f\u00fc Takdir Belgesi<\/li>\n\n\n\n<li>\u0130stanbul Anadolu G\u00fcney Kamu Hastaneleri Birli\u011fi Te\u015fekk\u00fcr Belgesi<\/li>\n<\/ul>\n\n\n\n<p><\/p>\n\n\n\n<p><strong><em>E\u011fitimler<\/em><\/strong><\/p>\n\n\n\n<figure class=\"wp-block-table\"><table><tbody><tr><td>2024<\/td><td>Arama Kurtarma K\u00f6pekleri Hakem Semineri<\/td><\/tr><tr><td>2024<\/td><td>FCI Arama Kurtarma K\u00f6pekleri Workshop Semineri<\/td><\/tr><tr><td>2024<\/td><td>\u0130RO Arama Kurtarma K\u00f6pekleri S\u0131nav\u0131 Kat\u0131l\u0131m Sertifikas\u0131(Ba\u015fak\u015fehir)<\/td><\/tr><tr><td>2024<\/td><td>FCI Arama Kurtarma K\u00f6pekleri S\u0131nav\u0131 Kat\u0131l\u0131m Sertifikas\u0131(Pendik) IPO R- T<\/td><\/tr><tr><td>2023<\/td><td>Rauf Denktas Univers\u0131ty K\u00f6pek E\u011fitmenli\u011fi <\/td><\/tr><tr><td>2023<\/td><td>Royal Canin Exper<\/td><\/tr><tr><td>2023<\/td><td>Hacettepe Akademi Kedi ve K\u00f6peklerde Kalp Hastal\u0131klar\u0131, Toraks Travmas\u0131<\/td><\/tr><tr><td>2023<\/td><td>Hacettepe Akademi Kedi ve K\u00f6peklerde T\u00fcm\u00f6r Cerrahisi, Te\u015fhis ve Tedavi Yakla\u015f\u0131m\u0131<\/td><\/tr><tr><td>2023<\/td><td>Hacettepe Akademi Pururitis Vakalarda Farkl\u0131 Yakla\u015f\u0131mlar<\/td><\/tr><tr><td>2023<\/td><td>Hacettepe Akademi Kedi ve K\u00f6peklerde Ortopedik Hastalarda Tedavi Opsiyonlar\u0131<\/td><\/tr><tr><td>2023<\/td><td>Maltepe Canicross Lucky<\/td><\/tr><tr><td>2023<\/td><td>Hacettepe Akademi Ultrasonografik De\u011ferlendirme, Spinal Hastal\u0131klar<\/td><\/tr><tr><td>2023<\/td><td>Run For SMA \u0130ntercity \u0130stanbul<\/td><\/tr><tr><td>2023<\/td><td>IRO Test Event \u00c7a\u00e7a FL- A Ku\u015fadas\u0131 kat\u0131l\u0131m sertifikas\u0131<\/td><\/tr><tr><td>2023<\/td><td>IRO \u0130stanbul Test Event \u00c7a\u00e7a FL- A Maltepe<\/td><\/tr><tr><td>2022<\/td><td>Rauf Denktas Univers\u0131ty K\u00f6pek E\u011fitmenli\u011fi Ustal\u0131k Belgesi<\/td><\/tr><tr><td>2022<\/td><td>Travma An\u0131nda Veteriner Klini\u011fine \u0130lk Yard\u0131m S\u00fcreci ve Uygulamal\u0131 CPR<\/td><\/tr><tr><td>2022<\/td><td>Yerel Hayvan Koruma G\u00f6revlisi<\/td><\/tr><tr><td>2022<\/td><td>FCI Arama Kurtarma K\u00f6pekleri S\u0131nav\u0131<\/td><\/tr><tr><td>2022<\/td><td>Kentsel Arama Kurtarma E\u011fitimi<\/td><\/tr><tr><td>2022<\/td><td>Hafif Arama Kurtarma E\u011fitimi<\/td><\/tr><tr><td>2022<\/td><td>AFAD Operasyonel Haz\u0131rl\u0131k Organizasyon Y\u00f6n ve Adres Bilgisi E\u011fitimi<\/td><\/tr><tr><td>2021<\/td><td>AFAD \u2013 Afet Fark\u0131ndal\u0131k ve Bilin\u00e7lendirme E\u011fitici E\u011fitimi<\/td><\/tr><tr><td>2021<\/td><td>AFAD \u2013 Afet Risklerini Azaltma<\/td><\/tr><tr><td>2021<\/td><td>ASC- ALS RESCUER \u2013 K\u00f6peklerde \u0130lk Yard\u0131m ve Uygulamal\u0131 CPR<\/td><\/tr><tr><td>2021<\/td><td>T.C. Ula\u015ft\u0131rma ve Altyap\u0131 Bakanl\u0131\u011f\u0131\u2013 Amat\u00f6r Yat Kaptanl\u0131\u011f\u0131 Belgesi<\/td><\/tr><tr><td>2021<\/td><td>AFAD \u2013 Afet Risklerini Anlama<\/td><\/tr><tr><td>2021<\/td><td>\u0130SMEK- Hayvan Sahibi Olman\u0131n Sorumluluklar\u0131<\/td><\/tr><tr><td>2021<\/td><td>Australian Shepherd Club \u2013 Dog Handling E\u011fitimi<\/td><\/tr><tr><td>2020<\/td><td>Milli E\u011fitim M\u00fcd\u00fcrl\u00fc\u011f\u00fc- Hayvan Yeti\u015ftiricili\u011fi(Kedi K\u00f6pek)<\/td><\/tr><tr><td>2020<\/td><td>JOHNS HOPK\u0130NS UNIVERSITY- COV\u0130D\u201319 Contact Tracing<\/td><\/tr><tr><td>2020<\/td><td>Udemy &#8211; Mantrailing\/Koku Takibi K\u00f6pe\u011fi E\u011fitimi<\/td><\/tr><tr><td>2020<\/td><td>AFAD \u2013 Birey ve Aileler i\u00e7in Afet Bilinci E\u011fitimi<\/td><\/tr><tr><td>2020<\/td><td>Udemy &#8211; Aile ile ya\u015fayan k\u00f6pe\u011fin sosyalle\u015ftirmesi<\/td><\/tr><tr><td>2020<\/td><td>AFAD \u2013 L\u0130DERL\u0130K<\/td><\/tr><tr><td>2020<\/td><td>AFAD \u2013 Arama Kurtarma Faaliyetlerinde Kullan\u0131lan D\u00fc\u011f\u00fcmler<\/td><\/tr><tr><td>2020<\/td><td>AFAD \u2013 Ki\u015fisel Stres Y\u00f6netimi<\/td><\/tr><tr><td>2020<\/td><td>Udemy &#8211; Kedi ve K\u00f6peklere \u0130lk Yard\u0131m<\/td><\/tr><tr><td>2020<\/td><td>UDB- Amat\u00f6r Yat Kaptanl\u0131\u011f\u0131<\/td><\/tr><tr><td>2020<\/td><td>Udemy &#8211; MS Excel : Pivot Table , Pivot Chart ve Dashboards<\/td><\/tr><tr><td>2019<\/td><td>AFAD \u2013 KBRN-P Fark\u0131ndal\u0131k Sempozyumu<\/td><\/tr><tr><td>2019<\/td><td>Empati Akademi Hayvan Hastanesi- Operasyon K\u00f6peklerinde \u0130lk Yard\u0131m<\/td><\/tr><tr><td>2019<\/td><td>Bilgei\u015f-ODT\u00dc-METU \u2013Zor \u0130nsanlarla Ba\u015f Etme<\/td><\/tr><tr><td>2019<\/td><td>AFAD-Afet Bilinci E\u011fitimi<\/td><\/tr><tr><td>2019<\/td><td>F.C.I &#8211; K\u0130F \\ Dostunun Kalbini Dinle<\/td><\/tr><tr><td>2019<\/td><td>Bilgei\u015f-ODT\u00dc-METU \u2013Microsoft Excel ile Pivot Tablolar<\/td><\/tr><tr><td>2019<\/td><td>Bilgei\u015f-ODT\u00dc-METU \u2013\u0130lk Yard\u0131m<\/td><\/tr><tr><td>2019<\/td><td>Bilgei\u015f-ODT\u00dc-METU \u2013Kriz Y\u00f6netimi<\/td><\/tr><tr><td>2018<\/td><td>Sa\u011fl\u0131k Bakanl\u0131\u011f\u0131 \u2013TAMP \/ Yerel D\u00fczey Sa\u011fl\u0131k Hizmet Grubu Operasyon Plan\u0131 E\u011fitimi<\/td><\/tr><tr><td>2018<\/td><td>\u0130stanbul B\u00fcy\u00fck\u015fehir Belediyesi-\u0130SMEK-Beden Dili<\/td><\/tr><tr><td>2018<\/td><td>Milli E\u011fitim M\u00fcd\u00fcrl\u00fc\u011f\u00fc- Diksiyon<\/td><\/tr><tr><td>2018<\/td><td>K9 Security- Mantrailing \\ Koku Takibi<\/td><\/tr><tr><td>2018<\/td><td>Milli E\u011fitim M\u00fcd\u00fcrl\u00fc\u011f\u00fc- Sosyal Hayatta \u0130leti\u015fim<\/td><\/tr><tr><td>2018<\/td><td>EPAD \u2013 EUSEM Refresher<\/td><\/tr><tr><td>2018<\/td><td>Medeniyet \u00dcniversitesi- Turkish EMT \u0130lk Yard\u0131mc\u0131 E\u011fitimi<\/td><\/tr><tr><td>2018<\/td><td>\u0130stanbul Kalk\u0131nma Ajans\u0131- Proje D\u00f6ng\u00fcs\u00fc Y\u00f6netimi(PCM)<\/td><\/tr><tr><td>2018<\/td><td>Sa\u011fl\u0131k Bakanl\u0131\u011f\u0131 \u2013Ulusal UMKE Tatbikat\u0131<\/td><\/tr><tr><td>2017<\/td><td>\u0130l Sa\u011fl\u0131k M\u00fcd\u00fcrl\u00fc\u011f\u00fc \u2013 Hastane Afet Plan\u0131 Uygulay\u0131c\u0131 E\u011fitimi<\/td><\/tr><tr><td>2016<\/td><td>AFAD- Insarag Earthquake Response Exercise<\/td><\/tr><tr><td>2016<\/td><td>\u0130l Sa\u011fl\u0131k M\u00fcd\u00fcrl\u00fc\u011f\u00fc \u2013 Afetlerde Sa\u011fl\u0131k Hizmetleri \u015eubesi Ay\u0131n Personeli-2016<\/td><\/tr><tr><td>2016<\/td><td>\u00dcsk\u00fcdar Belediyesi \u2013 Okul Temelli Olumlu Davran\u0131\u015f Geli\u015ftirme Sempozyumu<\/td><\/tr><tr><td>2016<\/td><td>\u0130l Sa\u011fl\u0131k M\u00fcd\u00fcrl\u00fc\u011f\u00fc \u2013 UMKE Geli\u015ftirme E\u011fitimi<\/td><\/tr><tr><td>2016<\/td><td>\u0130l Sa\u011fl\u0131k M\u00fcd\u00fcrl\u00fc\u011f\u00fc \u2013 UMKE Geli\u015ftirme E\u011fitimi<\/td><\/tr><tr><td>2016<\/td><td>MD &#8211; Motosiklet G\u00fcvenli S\u00fcr\u00fc\u015f E\u011fitimi<\/td><\/tr><tr><td>2016<\/td><td>Sa\u011fl\u0131k Bakanl\u0131\u011f\u0131-Hastane Afet ve Acil Durum Planlamas\u0131 (HAP) E\u011fitici E\u011fitimi<\/td><\/tr><tr><td>2015<\/td><td>T\u00fcrkiye Atletizm Federasyonu- Yard\u0131mc\u0131 Antren\u00f6r<\/td><\/tr><tr><td>2015<\/td><td>\u0130stanbul \u0130l Sa\u011fl\u0131k M\u00fcd\u00fcrl\u00fc\u011f\u00fc- \u0130lk Yard\u0131mc\u0131 E\u011fitimi<\/td><\/tr><tr><td>2014<\/td><td>T\u00fcrkiye Atletizm Federasyonu- \u0130stanbul \u0130li Atletizm Hakemi<\/td><\/tr><tr><td>2014<\/td><td>\u0130stanbul AFAD \u2013 K.B.R.N. E\u011fitimi<\/td><\/tr><tr><td>2014<\/td><td>Bezmialem Vak\u0131f \u00dcniversitesi- Olay Yeri ve Vaka Y\u00f6netimi Kursu<\/td><\/tr><tr><td>2014<\/td><td>Bezmialem Vak\u0131f \u00dcniversitesi- Uluslararas\u0131 Afet Kongresi<\/td><\/tr><tr><td>2014<\/td><td>European PSK Clup \u2013 Phase Shift Keying Belgesi<\/td><\/tr><tr><td>2014<\/td><td>K\u0131y\u0131 Emniyeti Genel M\u00fcd\u00fcrl\u00fc\u011f\u00fc \u2013 Amat\u00f6r Telsizcilik Belgesi<\/td><\/tr><tr><td>2014<\/td><td>Sa\u011fl\u0131k Bakanl\u0131\u011f\u0131 Sa\u011fl\u0131k M\u00fcd\u00fcrl\u00fc\u011f\u00fc &#8211; Temel Ya\u015fam Deste\u011fi<\/td><\/tr><tr><td>2014<\/td><td>Bezmialem Vak\u0131f \u00dcniversitesi- Afette Haberle\u015fme Kursu<\/td><\/tr><tr><td>2014<\/td><td>\u0130l Sa\u011fl\u0131k M\u00fcd\u00fcrl\u00fc\u011f\u00fc \u2013 Temel Umke E\u011fitimi<\/td><\/tr><tr><td>2014<\/td><td>Milli E\u011fitim Bakanl\u0131\u011f\u0131 &#8211; Bilgisayar Programc\u0131s\u0131 Sertifikas\u0131<\/td><\/tr><tr><td>2013<\/td><td>Psikologlar Psikiyatristler Derne\u011fi \u2013 Temel Psikoloji<\/td><\/tr><\/tbody><\/table><\/figure>\n\n\n\n<p><\/p>\n","protected":false},"excerpt":{"rendered":"<p>Ba\u015far\u0131lar Te\u015fekk\u00fcr &amp; Takdir Belgeleri E\u011fitimler 2024 Arama Kurtarma K\u00f6pekleri Hakem Semineri 2024 FCI Arama Kurtarma K\u00f6pekleri Workshop Semineri 2024 \u0130RO Arama Kurtarma K\u00f6pekleri S\u0131nav\u0131 Kat\u0131l\u0131m Sertifikas\u0131(Ba\u015fak\u015fehir) 2024 FCI Arama Kurtarma K\u00f6pekleri S\u0131nav\u0131 Kat\u0131l\u0131m Sertifikas\u0131(Pendik) IPO R- T 2023 Rauf Denktas Univers\u0131ty K\u00f6pek E\u011fitmenli\u011fi 2023 Royal Canin Exper 2023 Hacettepe Akademi Kedi ve K\u00f6peklerde Kalp [&hellip;]<\/p>\n","protected":false},"author":1,"featured_media":0,"parent":0,"menu_order":0,"comment_status":"closed","ping_status":"closed","template":"","meta":{"footnotes":""},"class_list":["post-9","page","type-page","status-publish","hentry"],"_links":{"self":[{"href":"http:\/\/www.yakupgunduz.com.tr\/index.php?rest_route=\/wp\/v2\/pages\/9","targetHints":{"allow":["GET"]}}],"collection":[{"href":"http:\/\/www.yakupgunduz.com.tr\/index.php?rest_route=\/wp\/v2\/pages"}],"about":[{"href":"http:\/\/www.yakupgunduz.com.tr\/index.php?rest_route=\/wp\/v2\/types\/page"}],"author":[{"embeddable":true,"href":"http:\/\/www.yakupgunduz.com.tr\/index.php?rest_route=\/wp\/v2\/users\/1"}],"replies":[{"embeddable":true,"href":"http:\/\/www.yakupgunduz.com.tr\/index.php?rest_route=%2Fwp%2Fv2%2Fcomments&post=9"}],"version-history":[{"count":19,"href":"http:\/\/www.yakupgunduz.com.tr\/index.php?rest_route=\/wp\/v2\/pages\/9\/revisions"}],"predecessor-version":[{"id":174,"href":"http:\/\/www.yakupgunduz.com.tr\/index.php?rest_route=\/wp\/v2\/pages\/9\/revisions\/174"}],"wp:attachment":[{"href":"http:\/\/www.yakupgunduz.com.tr\/index.php?rest_route=%2Fwp%2Fv2%2Fmedia&parent=9"}],"curies":[{"name":"wp","href":"https:\/\/api.w.org\/{rel}","templated":true}]}}