{"id":20,"date":"2025-02-11T14:39:23","date_gmt":"2025-02-11T14:39:23","guid":{"rendered":"http:\/\/www.yakupgunduz.com.tr\/?page_id=20"},"modified":"2025-02-12T23:10:31","modified_gmt":"2025-02-12T23:10:31","slug":"iletisim","status":"publish","type":"page","link":"http:\/\/www.yakupgunduz.com.tr\/?page_id=20","title":{"rendered":"\u0130leti\u015fim"},"content":{"rendered":"\n<figure class=\"wp-block-image size-large\"><img loading=\"lazy\" decoding=\"async\" width=\"1024\" height=\"576\" src=\"http:\/\/www.yakupgunduz.com.tr\/wp-content\/uploads\/2025\/02\/SAR-DOGS-TRAINING-1024x576.png\" alt=\"\" class=\"wp-image-146\" srcset=\"http:\/\/www.yakupgunduz.com.tr\/wp-content\/uploads\/2025\/02\/SAR-DOGS-TRAINING-1024x576.png 1024w, http:\/\/www.yakupgunduz.com.tr\/wp-content\/uploads\/2025\/02\/SAR-DOGS-TRAINING-300x169.png 300w, http:\/\/www.yakupgunduz.com.tr\/wp-content\/uploads\/2025\/02\/SAR-DOGS-TRAINING-768x432.png 768w, http:\/\/www.yakupgunduz.com.tr\/wp-content\/uploads\/2025\/02\/SAR-DOGS-TRAINING.png 1280w\" sizes=\"auto, (max-width: 1024px) 100vw, 1024px\" \/><\/figure>\n\n\n\n<ul class=\"wp-block-list\">\n<li>+90 507 857 7878<\/li>\n\n\n\n<li>yakupgndz@gmail.com<\/li>\n\n\n\n<li>\u00c7ekmek\u00f6y \u0130stanbul T\u00fcrkiye<\/li>\n<\/ul>\n\n\n\n<div class=\"wp-block-columns is-layout-flex wp-container-core-columns-is-layout-1 wp-block-columns-is-layout-flex\">\n<div class=\"wp-block-column is-layout-flow wp-block-column-is-layout-flow\">\n<p><strong><em>Sosyal Medya<\/em><\/strong><\/p>\n<\/div>\n<\/div>\n\n\n\n<div class=\"wp-block-columns is-layout-flex wp-container-core-columns-is-layout-2 wp-block-columns-is-layout-flex\">\n<div class=\"wp-block-column is-layout-flow wp-block-column-is-layout-flow\">\n<ul class=\"wp-block-social-links is-layout-flex wp-block-social-links-is-layout-flex\">\n\n\n\n\n\n<\/ul>\n<\/div>\n\n\n\n<div class=\"wp-block-column is-layout-flow wp-block-column-is-layout-flow\"><\/div>\n\n\n\n<div class=\"wp-block-column is-layout-flow wp-block-column-is-layout-flow\"><\/div>\n<\/div>\n\n\n\n<ul class=\"wp-block-list\">\n<li><a href=\"http:\/\/www.yakupgunduz.com.tr\/?page_id=154\">Ki\u015fisel Verilerin Korunmas\u0131 Hakk\u0131nda Bilgilendirme ve Ayd\u0131nlatma Metni<\/a>\u2019ni l\u00fctfen okuyunuz.<\/li>\n<\/ul>\n","protected":false},"excerpt":{"rendered":"<p>Sosyal Medya<\/p>\n","protected":false},"author":1,"featured_media":0,"parent":0,"menu_order":0,"comment_status":"closed","ping_status":"closed","template":"","meta":{"footnotes":""},"class_list":["post-20","page","type-page","status-publish","hentry"],"_links":{"self":[{"href":"http:\/\/www.yakupgunduz.com.tr\/index.php?rest_route=\/wp\/v2\/pages\/20","targetHints":{"allow":["GET"]}}],"collection":[{"href":"http:\/\/www.yakupgunduz.com.tr\/index.php?rest_route=\/wp\/v2\/pages"}],"about":[{"href":"http:\/\/www.yakupgunduz.com.tr\/index.php?rest_route=\/wp\/v2\/types\/page"}],"author":[{"embeddable":true,"href":"http:\/\/www.yakupgunduz.com.tr\/index.php?rest_route=\/wp\/v2\/users\/1"}],"replies":[{"embeddable":true,"href":"http:\/\/www.yakupgunduz.com.tr\/index.php?rest_route=%2Fwp%2Fv2%2Fcomments&post=20"}],"version-history":[{"count":8,"href":"http:\/\/www.yakupgunduz.com.tr\/index.php?rest_route=\/wp\/v2\/pages\/20\/revisions"}],"predecessor-version":[{"id":162,"href":"http:\/\/www.yakupgunduz.com.tr\/index.php?rest_route=\/wp\/v2\/pages\/20\/revisions\/162"}],"wp:attachment":[{"href":"http:\/\/www.yakupgunduz.com.tr\/index.php?rest_route=%2Fwp%2Fv2%2Fmedia&parent=20"}],"curies":[{"name":"wp","href":"https:\/\/api.w.org\/{rel}","templated":true}]}}