{"id":154,"date":"2025-02-12T23:06:35","date_gmt":"2025-02-12T23:06:35","guid":{"rendered":"http:\/\/www.yakupgunduz.com.tr\/?page_id=154"},"modified":"2025-02-12T23:08:19","modified_gmt":"2025-02-12T23:08:19","slug":"kisisel-verilerin-korunmasi","status":"publish","type":"page","link":"http:\/\/www.yakupgunduz.com.tr\/?page_id=154","title":{"rendered":"Ki\u015fisel Verilerin Korunmas\u0131"},"content":{"rendered":"\n<h1 class=\"wp-block-heading\">Ki\u015fisel Verilerin Korunmas\u0131 Hakk\u0131nda Bilgilendirme ve Ayd\u0131nlatma Metni<\/h1>\n\n\n\n<p>Bu ayd\u0131nlatma metni, 6698 say\u0131l\u0131 Ki\u015fisel Verilerin Korunmas\u0131 Kanununun (\u201cKanun\u201d) 10.&nbsp; maddesi&nbsp; ile Ayd\u0131nlatma Y\u00fck\u00fcml\u00fcl\u00fc\u011f\u00fcn\u00fcn Yerine Getirilmesinde Uyulacak Usul ve Esaslar&nbsp; Hakk\u0131nda Tebli\u011f kapsam\u0131nda \u201cVeri&nbsp; Sorumlusu\u201d&nbsp; s\u0131fat\u0131yla Yakup G\u00fcnd\u00fcz  taraf\u0131ndan haz\u0131rlanm\u0131\u015ft\u0131r. Veri Sorumlusu olarak ki\u015fisel verilerinizi elde etmemiz, kaydetmemiz, saklamam\u0131z, g\u00fcncellememiz, s\u0131n\u0131fland\u0131rmam\u0131z, mevzuat\u0131n izin verdi\u011fi \u00fc\u00e7\u00fcnc\u00fc ki\u015filerle payla\u015fmam\u0131z veya onlara devretmemiz gibi konularda \u201cveri i\u015fleme\u201d olarak kabul edilen i\u015flemleri mevzuata uygun \u015fekilde ger\u00e7ekle\u015ftiriyoruz.<\/p>\n\n\n\n<p>Yakup G\u00fcnd\u00fcz taraf\u0131ndan, destek veren ba\u011f\u0131\u015f\u00e7\u0131lara, g\u00f6n\u00fcll\u00fclere, hizmet alacak hastalara ve t\u00fcm payda\u015flara ait ki\u015fisel veriler a\u015fa\u011f\u0131daki ama\u00e7larla, Kanunun 5.maddesinde belirtilen veri sorumlusunun me\u015fru menfaati i\u00e7in i\u015fleme faaliyetinin zorunlu olmas\u0131 ve veri sorumlusunun hukuki y\u00fck\u00fcml\u00fcl\u00fc\u011f\u00fcn\u00fcn yerine getirilmesi i\u00e7in i\u015fleme faaliyetinin zorunlu olmas\u0131 hukuki sebeplerine dayan\u0131larak, ayn\u0131 ama\u00e7lar\u0131n ger\u00e7ekle\u015ftirilebilmesi i\u00e7in tedarik\u00e7ilerimize, yetkili kamu kurum ve kurulu\u015flar\u0131na, yurti\u00e7i ve yurtd\u0131\u015f\u0131 kurumlara ve i\u015f ortaklar\u0131m\u0131za aktar\u0131labilecektir.<\/p>\n\n\n\n<p>Yakup G\u00fcnd\u00fcz ki\u015fisel verilerinizi, sizin verdi\u011finiz bilgiler ve izinler kapsam\u0131nda Yakup G\u00fcnd\u00fcz ait web siteleri, Genel M\u00fcd\u00fcrl\u00fck, \u015eubeler, temsilcilikler, yap\u0131lan y\u00fcz y\u00fcze aktiviteler, di\u011fer Sivil Toplum Kurulu\u015flar\u0131 ile ortak yap\u0131lan faaliyetlerdeki ortak giri\u015fimler, SMS gibi kanallar arac\u0131l\u0131\u011f\u0131yla s\u00f6zl\u00fc, yaz\u0131l\u0131 veya elektronik ortamda toplamaktad\u0131r.<\/p>\n\n\n\n<p>A\u015fa\u011f\u0131daki ama\u00e7lar\u0131n ger\u00e7ekle\u015ftirilebilmesi i\u00e7in Yakup G\u00fcnd\u00fcz ad soyad, ileti\u015fim bilgileri (telefon numaras\u0131, adres, e-posta adresi, faks), cinsiyet, do\u011fum tarihi, meslek bilgisi, e\u011fitim d\u00fczeyi, e\u011fitim ve i\u015f tecr\u00fcbesi, sertifika bilgileri, \u00f6deme bilgileri, T\u00fcrkiye Cumhuriyeti Kimlik Numaras\u0131, g\u00f6rsel ve i\u015fitsel kay\u0131tlar, dernek \u00fcyelik bilgileri, email okuma veya t\u0131klama hareketleri, ba\u015fvuru formunda iletti\u011finiz d\u00fc\u015f\u00fcnceleriniz ve bunlara ekledi\u011finiz di\u011fer ki\u015fisel verileriniz, sa\u011fl\u0131k bilgilerini i\u015flemektedir.<\/p>\n\n\n\n<p>Yakup G\u00fcnd\u00fcz sosyal sorumluluk ve sivil toplum aktivitelerinin y\u00fcr\u00fct\u00fclmesi, bilgilendirme ve ileti\u015fim faaliyetlerinin y\u00fcr\u00fct\u00fclmesi, organizasyon ve etkinlik y\u00f6netimi, finans,muhasebe ve hukuk i\u015flerinin&nbsp; ve y\u00f6netim faalitetlerinin y\u00fcr\u00fct\u00fclmesi, fiziksel mekan g\u00fcvenli\u011finin temini, mal veya hizmet sat\u0131\u015f ve sat\u0131\u015f sonras\u0131 s\u00fcre\u00e7lerinin y\u00fcr\u00fct\u00fclmesi ama\u00e7lar\u0131yla ki\u015fisel verileri i\u015fler.<\/p>\n\n\n\n<p>Ayr\u0131ca yasal mevzuat\u0131n gerekli veya zorunlu k\u0131ld\u0131\u011f\u0131 di\u011fer durumlarda, yasal gereklilikleri yerine getirmek \u00fczere ki\u015fisel verileriniz i\u015flenmektedir.<\/p>\n\n\n\n<p>KVKK\u2019ya uygun olarak, i\u015fbu Ayd\u0131nlatma Metni\u2019nde belirtilen ama\u00e7larla i\u015flenmi\u015f olan ki\u015fisel verileriniz, KVKK md. 7\/f.1.\u2019e g\u00f6re i\u015flenmesi gerektiren ama\u00e7 ortadan kalkt\u0131\u011f\u0131nda ve\/veya mevzuat uyar\u0131nca verilerinizi i\u015flememiz i\u00e7in zorunlu k\u0131l\u0131nd\u0131\u011f\u0131m\u0131z zamana\u015f\u0131m\u0131 s\u00fcreleri doldu\u011funda, ki\u015fisel verileriniz taraf\u0131m\u0131zca silinecek, yok edilecek veya anonimle\u015ftirilerek kullan\u0131lmaya devam edilecektir.<\/p>\n\n\n\n<p>Kanunun\u00a0\u00a0 ilgili\u00a0\u00a0 ki\u015finin\u00a0\u00a0 haklar\u0131n\u0131\u00a0\u00a0 d\u00fczenleyen\u00a0\u00a0 11.\u00a0\u00a0 maddesi\u00a0\u00a0 kapsam\u0131nda ki\u015fisel verilerinizin i\u015flenmesine dair Yakup G\u00fcnd\u00fcz&#8217;e ula\u015farak ki\u015fisel verilerinizin; a) i\u015flenip i\u015flenmedi\u011fini \u00f6\u011frenme, b) i\u015flenmi\u015fse bilgi talep etme, c) i\u015flenme amac\u0131n\u0131 ve amac\u0131na uygun kullan\u0131l\u0131p kullan\u0131lmad\u0131\u011f\u0131n\u0131 \u00f6\u011frenme, \u00e7) yurt i\u00e7inde \/ yurt d\u0131\u015f\u0131nda aktar\u0131ld\u0131\u011f\u0131 3. ki\u015fileri bilme, d) eksik \/ yanl\u0131\u015f i\u015flenmi\u015fse d\u00fczeltilmesini isteme, e) KVKK\u2019n\u0131n 7. maddesinde \u00f6ng\u00f6r\u00fclen \u015fartlar \u00e7er\u00e7evesinde silinmesini \/ yok edilmesini isteme, f) aktar\u0131ld\u0131\u011f\u0131 3. ki\u015filere yukar\u0131da say\u0131lan (d) ve (e) bentleri uyar\u0131nca yap\u0131lan i\u015flemlerin bildirilmesini isteme, g) m\u00fcnhas\u0131ran otomatik sistemler ile analiz edilmesi nedeniyle aleyhinize bir sonucun ortaya \u00e7\u0131kmas\u0131na itiraz etme, \u011f) kanuna ayk\u0131r\u0131 olarak i\u015flenmesi sebebiyle zarara u\u011framan\u0131z h\u00e2linde zarar\u0131n giderilmesini talep etme haklar\u0131n\u0131z bulunmaktad\u0131r. Kanun kapsam\u0131ndaki haklar\u0131n\u0131zdan yararlanmak i\u00e7in taleplerinizi e-posta yoluyla\u00a0<a href=\"mailto:info@gulmekiyilestirir.org.tr\">yakupgndz@gmail.com<\/a>\u00a0adresine iletebilirsiniz.<\/p>\n\n\n\n<p>Sayg\u0131lar\u0131m\u0131zla<\/p>\n","protected":false},"excerpt":{"rendered":"<p>Ki\u015fisel Verilerin Korunmas\u0131 Hakk\u0131nda Bilgilendirme ve Ayd\u0131nlatma Metni Bu ayd\u0131nlatma metni, 6698 say\u0131l\u0131 Ki\u015fisel Verilerin Korunmas\u0131 Kanununun (\u201cKanun\u201d) 10.&nbsp; maddesi&nbsp; ile Ayd\u0131nlatma Y\u00fck\u00fcml\u00fcl\u00fc\u011f\u00fcn\u00fcn Yerine Getirilmesinde Uyulacak Usul ve Esaslar&nbsp; Hakk\u0131nda Tebli\u011f kapsam\u0131nda \u201cVeri&nbsp; Sorumlusu\u201d&nbsp; s\u0131fat\u0131yla Yakup G\u00fcnd\u00fcz taraf\u0131ndan haz\u0131rlanm\u0131\u015ft\u0131r. Veri Sorumlusu olarak ki\u015fisel verilerinizi elde etmemiz, kaydetmemiz, saklamam\u0131z, g\u00fcncellememiz, s\u0131n\u0131fland\u0131rmam\u0131z, mevzuat\u0131n izin verdi\u011fi \u00fc\u00e7\u00fcnc\u00fc ki\u015filerle [&hellip;]<\/p>\n","protected":false},"author":1,"featured_media":0,"parent":0,"menu_order":0,"comment_status":"closed","ping_status":"closed","template":"","meta":{"footnotes":""},"class_list":["post-154","page","type-page","status-publish","hentry"],"_links":{"self":[{"href":"http:\/\/www.yakupgunduz.com.tr\/index.php?rest_route=\/wp\/v2\/pages\/154","targetHints":{"allow":["GET"]}}],"collection":[{"href":"http:\/\/www.yakupgunduz.com.tr\/index.php?rest_route=\/wp\/v2\/pages"}],"about":[{"href":"http:\/\/www.yakupgunduz.com.tr\/index.php?rest_route=\/wp\/v2\/types\/page"}],"author":[{"embeddable":true,"href":"http:\/\/www.yakupgunduz.com.tr\/index.php?rest_route=\/wp\/v2\/users\/1"}],"replies":[{"embeddable":true,"href":"http:\/\/www.yakupgunduz.com.tr\/index.php?rest_route=%2Fwp%2Fv2%2Fcomments&post=154"}],"version-history":[{"count":2,"href":"http:\/\/www.yakupgunduz.com.tr\/index.php?rest_route=\/wp\/v2\/pages\/154\/revisions"}],"predecessor-version":[{"id":159,"href":"http:\/\/www.yakupgunduz.com.tr\/index.php?rest_route=\/wp\/v2\/pages\/154\/revisions\/159"}],"wp:attachment":[{"href":"http:\/\/www.yakupgunduz.com.tr\/index.php?rest_route=%2Fwp%2Fv2%2Fmedia&parent=154"}],"curies":[{"name":"wp","href":"https:\/\/api.w.org\/{rel}","templated":true}]}}